{"id":814,"date":"2021-07-06T14:30:48","date_gmt":"2021-07-06T12:30:48","guid":{"rendered":"https:\/\/prorienta.be\/wp\/?page_id=814"},"modified":"2025-02-12T11:12:08","modified_gmt":"2025-02-12T10:12:08","slug":"guide-metiers","status":"publish","type":"page","link":"https:\/\/prorienta.be\/wp\/guide-metiers\/","title":{"rendered":"Guide m\u00e9tiers"},"content":{"rendered":"\t\t<div data-elementor-type=\"wp-page\" data-elementor-id=\"814\" class=\"elementor elementor-814\">\n\t\t\t\t\t\t<section class=\"elementor-section elementor-top-section elementor-element elementor-element-822695f elementor-section-boxed elementor-section-height-default elementor-section-height-default\" data-id=\"822695f\" data-element_type=\"section\" data-settings=\"{&quot;background_background&quot;:&quot;classic&quot;}\">\n\t\t\t\t\t\t<div class=\"elementor-container elementor-column-gap-wide\">\n\t\t\t\t\t<div class=\"elementor-column elementor-col-100 elementor-top-column elementor-element elementor-element-3c20537\" data-id=\"3c20537\" data-element_type=\"column\" data-settings=\"{&quot;background_background&quot;:&quot;classic&quot;}\">\n\t\t\t<div class=\"elementor-widget-wrap elementor-element-populated\">\n\t\t\t\t\t\t<section class=\"elementor-section elementor-inner-section elementor-element elementor-element-d58fb91 elementor-section-boxed elementor-section-height-default elementor-section-height-default\" data-id=\"d58fb91\" data-element_type=\"section\" data-settings=\"{&quot;background_background&quot;:&quot;classic&quot;}\">\n\t\t\t\t\t\t<div class=\"elementor-container elementor-column-gap-default\">\n\t\t\t\t\t<div class=\"elementor-column elementor-col-50 elementor-inner-column elementor-element elementor-element-b5f3027\" data-id=\"b5f3027\" data-element_type=\"column\">\n\t\t\t<div class=\"elementor-widget-wrap elementor-element-populated\">\n\t\t\t\t\t\t<div class=\"elementor-element elementor-element-6e7f3d4b elementor-widget elementor-widget-image\" data-id=\"6e7f3d4b\" data-element_type=\"widget\" data-widget_type=\"image.default\">\n\t\t\t\t<div class=\"elementor-widget-container\">\n\t\t\t\t\t\t\t\t\t\t\t\t\t\t<a href=\"https:\/\/www.prorienta.be\/wp\/\">\n\t\t\t\t\t\t\t<img decoding=\"async\" width=\"300\" height=\"158\" src=\"https:\/\/prorienta.be\/wp\/wp-content\/uploads\/2023\/06\/petitnewlogo2023-2-1.png\" class=\"attachment-full size-full wp-image-2927\" alt=\"\" \/>\t\t\t\t\t\t\t\t<\/a>\n\t\t\t\t\t\t\t\t\t\t\t\t\t<\/div>\n\t\t\t\t<\/div>\n\t\t\t\t\t<\/div>\n\t\t<\/div>\n\t\t\t\t<div class=\"elementor-column elementor-col-50 elementor-inner-column elementor-element elementor-element-e87ef91\" data-id=\"e87ef91\" data-element_type=\"column\">\n\t\t\t<div class=\"elementor-widget-wrap elementor-element-populated\">\n\t\t\t\t\t\t<div class=\"elementor-element elementor-element-4b85d39f elementor-widget elementor-widget-text-editor\" data-id=\"4b85d39f\" data-element_type=\"widget\" data-widget_type=\"text-editor.default\">\n\t\t\t\t<div class=\"elementor-widget-container\">\n\t\t\t\t\t\t\t<p>Plus d&rsquo;informations ?<br><span style=\"color: var( --e-global-color-text ); font-family: var( --e-global-typography-text-font-family ), Sans-serif; font-weight: var( --e-global-typography-text-font-weight );\">Contactez Sabine ou B\u00e9reng\u00e8re au 069 \/ 89 08 50<\/span><br><\/p>\t\t\t\t\t\t<\/div>\n\t\t\t\t<\/div>\n\t\t\t\t<div class=\"elementor-element elementor-element-6250768d elementor-align-center elementor-widget elementor-widget-button\" data-id=\"6250768d\" data-element_type=\"widget\" data-widget_type=\"button.default\">\n\t\t\t\t<div class=\"elementor-widget-container\">\n\t\t\t\t\t<div class=\"elementor-button-wrapper\">\n\t\t\t<a class=\"elementor-button elementor-button-link elementor-size-sm\" href=\"https:\/\/www.prorienta.be\/wp\/contact\/\">\n\t\t\t\t\t\t<span class=\"elementor-button-content-wrapper\">\n\t\t\t\t\t\t\t\t\t<span class=\"elementor-button-text\">Contact<\/span>\n\t\t\t\t\t<\/span>\n\t\t\t\t\t<\/a>\n\t\t<\/div>\n\t\t\t\t<\/div>\n\t\t\t\t<\/div>\n\t\t\t\t\t<\/div>\n\t\t<\/div>\n\t\t\t\t\t<\/div>\n\t\t<\/section>\n\t\t\t\t<div class=\"elementor-element elementor-element-71b5141d elementor-widget elementor-widget-heading\" data-id=\"71b5141d\" data-element_type=\"widget\" data-widget_type=\"heading.default\">\n\t\t\t\t<div class=\"elementor-widget-container\">\n\t\t\t<span class=\"elementor-heading-title elementor-size-small\"><br>Cliquez sur un mot qui vous int\u00e9resse \nafin de d\u00e9couvrir un m\u00e9tier associ\u00e9.<\/span>\t\t<\/div>\n\t\t\t\t<\/div>\n\t\t\t\t<section class=\"elementor-section elementor-inner-section elementor-element elementor-element-9be482a elementor-section-boxed elementor-section-height-default elementor-section-height-default\" data-id=\"9be482a\" data-element_type=\"section\">\n\t\t\t\t\t\t<div class=\"elementor-container elementor-column-gap-default\">\n\t\t\t\t\t<div class=\"elementor-column elementor-col-50 elementor-inner-column elementor-element elementor-element-1a01c87\" data-id=\"1a01c87\" data-element_type=\"column\">\n\t\t\t<div class=\"elementor-widget-wrap elementor-element-populated\">\n\t\t\t\t\t\t<div class=\"elementor-element elementor-element-10e7ebc elementor-widget elementor-widget-image\" data-id=\"10e7ebc\" data-element_type=\"widget\" data-widget_type=\"image.default\">\n\t\t\t\t<div class=\"elementor-widget-container\">\n\t\t\t\t\t\t\t\t\t\t\t\t\t\t<a href=\"http:\/\/www.prorienta.be\/wp\/formation-multimedia\">\n\t\t\t\t\t\t\t<img decoding=\"async\" src=\"https:\/\/prorienta.be\/wp\/wp-content\/uploads\/elementor\/thumbs\/nuage-de-mots-1-1-p9px5dlostmn0fjsxf6533tdhqv8md0meo7p6k0zrc.png\" title=\"nuage-de-mots (1)\" alt=\"nuage-de-mots (1)\" loading=\"lazy\" \/>\t\t\t\t\t\t\t\t<\/a>\n\t\t\t\t\t\t\t\t\t\t\t\t\t<\/div>\n\t\t\t\t<\/div>\n\t\t\t\t\t<\/div>\n\t\t<\/div>\n\t\t\t\t<div class=\"elementor-column elementor-col-50 elementor-inner-column elementor-element elementor-element-1857e93\" data-id=\"1857e93\" data-element_type=\"column\">\n\t\t\t<div class=\"elementor-widget-wrap elementor-element-populated\">\n\t\t\t\t\t\t<div class=\"elementor-element elementor-element-feff5aa elementor-widget elementor-widget-image\" data-id=\"feff5aa\" data-element_type=\"widget\" data-widget_type=\"image.default\">\n\t\t\t\t<div class=\"elementor-widget-container\">\n\t\t\t\t\t\t\t\t\t\t\t\t\t\t<a href=\"http:\/\/www.prorienta.be\/wp\/formation-auto\">\n\t\t\t\t\t\t\t<img decoding=\"async\" src=\"https:\/\/prorienta.be\/wp\/wp-content\/uploads\/elementor\/thumbs\/nuage-de-mots-2-1-p9px5ejiznnxc1ifrxkrnlku34qlu24cqsv6ntzlyg.png\" title=\"nuage-de-mots (2)\" alt=\"nuage-de-mots (2)\" loading=\"lazy\" \/>\t\t\t\t\t\t\t\t<\/a>\n\t\t\t\t\t\t\t\t\t\t\t\t\t<\/div>\n\t\t\t\t<\/div>\n\t\t\t\t\t<\/div>\n\t\t<\/div>\n\t\t\t\t\t<\/div>\n\t\t<\/section>\n\t\t\t\t<section class=\"elementor-section elementor-inner-section elementor-element elementor-element-7592f1c elementor-section-boxed elementor-section-height-default elementor-section-height-default\" data-id=\"7592f1c\" data-element_type=\"section\">\n\t\t\t\t\t\t<div class=\"elementor-container elementor-column-gap-default\">\n\t\t\t\t\t<div class=\"elementor-column elementor-col-50 elementor-inner-column elementor-element elementor-element-ba9f3ea\" data-id=\"ba9f3ea\" data-element_type=\"column\">\n\t\t\t<div class=\"elementor-widget-wrap elementor-element-populated\">\n\t\t\t\t\t\t<div class=\"elementor-element elementor-element-6662415 elementor-widget elementor-widget-image\" data-id=\"6662415\" data-element_type=\"widget\" data-widget_type=\"image.default\">\n\t\t\t\t<div class=\"elementor-widget-container\">\n\t\t\t\t\t\t\t\t\t\t\t\t\t\t<a href=\"https:\/\/www.prorienta.be\/wp\/formation-conducteur\">\n\t\t\t\t\t\t\t<img decoding=\"async\" src=\"https:\/\/prorienta.be\/wp\/wp-content\/uploads\/elementor\/thumbs\/nuage-de-mots-4-1-p9px5hd1k5rsavecbgsnd2v7vacph5fjr6tn3nvfeo.png\" title=\"nuage-de-mots (4)\" alt=\"nuage-de-mots (4)\" loading=\"lazy\" \/>\t\t\t\t\t\t\t\t<\/a>\n\t\t\t\t\t\t\t\t\t\t\t\t\t<\/div>\n\t\t\t\t<\/div>\n\t\t\t\t\t<\/div>\n\t\t<\/div>\n\t\t\t\t<div class=\"elementor-column elementor-col-50 elementor-inner-column elementor-element elementor-element-61bd437\" data-id=\"61bd437\" data-element_type=\"column\">\n\t\t\t<div class=\"elementor-widget-wrap elementor-element-populated\">\n\t\t\t\t\t\t<div class=\"elementor-element elementor-element-9188252 elementor-widget elementor-widget-image\" data-id=\"9188252\" data-element_type=\"widget\" data-widget_type=\"image.default\">\n\t\t\t\t<div class=\"elementor-widget-container\">\n\t\t\t\t\t\t\t\t\t\t\t\t\t\t<a href=\"https:\/\/www.prorienta.be\/wp\/formation-tertiaire\">\n\t\t\t\t\t\t\t<img decoding=\"async\" src=\"https:\/\/prorienta.be\/wp\/wp-content\/uploads\/elementor\/thumbs\/nuage-de-mots-8-p9px5l4ebhwxlb8vpif5n1x28tu6bxuh3pfl0rpulm.png\" title=\"nuage-de-mots\" alt=\"nuage-de-mots\" loading=\"lazy\" \/>\t\t\t\t\t\t\t\t<\/a>\n\t\t\t\t\t\t\t\t\t\t\t\t\t<\/div>\n\t\t\t\t<\/div>\n\t\t\t\t\t<\/div>\n\t\t<\/div>\n\t\t\t\t\t<\/div>\n\t\t<\/section>\n\t\t\t\t<section class=\"elementor-section elementor-inner-section elementor-element elementor-element-314aea2 elementor-section-boxed elementor-section-height-default elementor-section-height-default\" data-id=\"314aea2\" data-element_type=\"section\">\n\t\t\t\t\t\t<div class=\"elementor-container elementor-column-gap-default\">\n\t\t\t\t\t<div class=\"elementor-column elementor-col-50 elementor-inner-column elementor-element elementor-element-9f14207\" data-id=\"9f14207\" data-element_type=\"column\">\n\t\t\t<div class=\"elementor-widget-wrap elementor-element-populated\">\n\t\t\t\t\t\t<div class=\"elementor-element elementor-element-27df8f1 elementor-widget elementor-widget-image\" data-id=\"27df8f1\" data-element_type=\"widget\" data-widget_type=\"image.default\">\n\t\t\t\t<div class=\"elementor-widget-container\">\n\t\t\t\t\t\t\t\t\t\t\t\t\t\t<a href=\"https:\/\/www.prorienta.be\/wp\/formation-horeca\">\n\t\t\t\t\t\t\t<img decoding=\"async\" src=\"https:\/\/prorienta.be\/wp\/wp-content\/uploads\/elementor\/thumbs\/nuage-de-mots-6-1-p9px5k6k4nvn9pa8v00j2k5lnfyt48qqrks3jhr8pw.png\" title=\"nuage-de-mots (6)\" alt=\"nuage-de-mots (6)\" loading=\"lazy\" \/>\t\t\t\t\t\t\t\t<\/a>\n\t\t\t\t\t\t\t\t\t\t\t\t\t<\/div>\n\t\t\t\t<\/div>\n\t\t\t\t\t<\/div>\n\t\t<\/div>\n\t\t\t\t<div class=\"elementor-column elementor-col-50 elementor-inner-column elementor-element elementor-element-3e312f0\" data-id=\"3e312f0\" data-element_type=\"column\">\n\t\t\t<div class=\"elementor-widget-wrap elementor-element-populated\">\n\t\t\t\t\t\t<div class=\"elementor-element elementor-element-e3cf744 elementor-widget elementor-widget-image\" data-id=\"e3cf744\" data-element_type=\"widget\" data-widget_type=\"image.default\">\n\t\t\t\t<div class=\"elementor-widget-container\">\n\t\t\t\t\t\t\t\t\t\t\t\t\t\t<a href=\"https:\/\/www.prorienta.be\/wp\/formation-dao\">\n\t\t\t\t\t\t\t<img decoding=\"async\" src=\"https:\/\/prorienta.be\/wp\/wp-content\/uploads\/elementor\/thumbs\/nuage-de-mots-3-1-p9px5fhd6hp7nnh2mfze83caoilz1r832xio53y7n8.png\" title=\"nuage-de-mots (3)\" alt=\"nuage-de-mots (3)\" loading=\"lazy\" \/>\t\t\t\t\t\t\t\t<\/a>\n\t\t\t\t\t\t\t\t\t\t\t\t\t<\/div>\n\t\t\t\t<\/div>\n\t\t\t\t\t<\/div>\n\t\t<\/div>\n\t\t\t\t\t<\/div>\n\t\t<\/section>\n\t\t\t\t<div class=\"elementor-element elementor-element-652269f5 elementor-widget-divider--view-line elementor-widget elementor-widget-divider\" data-id=\"652269f5\" data-element_type=\"widget\" data-widget_type=\"divider.default\">\n\t\t\t\t<div class=\"elementor-widget-container\">\n\t\t\t\t\t<div class=\"elementor-divider\">\n\t\t\t<span class=\"elementor-divider-separator\">\n\t\t\t\t\t\t<\/span>\n\t\t<\/div>\n\t\t\t\t<\/div>\n\t\t\t\t<\/div>\n\t\t\t\t<div class=\"elementor-element elementor-element-27a81131 elementor-widget elementor-widget-text-editor\" data-id=\"27a81131\" data-element_type=\"widget\" data-widget_type=\"text-editor.default\">\n\t\t\t\t<div class=\"elementor-widget-container\">\n\t\t\t\t\t\t\t<p>Vieux chemin d&rsquo;Ath n\u00b01\u00a0\u00a0<br \/><span style=\"color: var( --e-global-color-text ); font-family: var( --e-global-typography-text-font-family ), Sans-serif; font-weight: var( --e-global-typography-text-font-weight );\">7548 Warchin (Tournai)<br \/>Belgique<br \/><\/span><img decoding=\"async\" class=\"alignnone wp-image-308\" style=\"color: var( --e-global-color-text ); font-family: var( --e-global-typography-text-font-family ), Sans-serif; font-weight: var( --e-global-typography-text-font-weight );\" src=\"https:\/\/www.prorienta.be\/wp\/wp-content\/uploads\/2020\/07\/icone-appli-orange-telephone_preambule_info.png\" alt=\"\" width=\"24\" height=\"24\" srcset=\"https:\/\/prorienta.be\/wp\/wp-content\/uploads\/2020\/07\/icone-appli-orange-telephone_preambule_info.png 199w, https:\/\/prorienta.be\/wp\/wp-content\/uploads\/2020\/07\/icone-appli-orange-telephone_preambule_info-150x150.png 150w, https:\/\/prorienta.be\/wp\/wp-content\/uploads\/2020\/07\/icone-appli-orange-telephone_preambule_info-60x60.png 60w\" sizes=\"(max-width: 24px) 100vw, 24px\" \/><span style=\"color: var( --e-global-color-text ); font-family: var( --e-global-typography-text-font-family ), Sans-serif; font-weight: var( --e-global-typography-text-font-weight );\">\u00a0 069 \/ 89 08 50<br \/><\/span><span style=\"color: var( --e-global-color-text ); font-family: var( --e-global-typography-text-font-family ), Sans-serif; font-weight: var( --e-global-typography-text-font-weight );\">\u00a0info@prorienta.be\u00a0<\/span><\/p>\t\t\t\t\t\t<\/div>\n\t\t\t\t<\/div>\n\t\t\t\t<div class=\"elementor-element elementor-element-42f02d10 elementor-widget elementor-widget-image\" data-id=\"42f02d10\" data-element_type=\"widget\" data-widget_type=\"image.default\">\n\t\t\t\t<div class=\"elementor-widget-container\">\n\t\t\t\t\t\t\t\t\t\t\t\t\t<img fetchpriority=\"high\" decoding=\"async\" width=\"1860\" height=\"172\" src=\"https:\/\/prorienta.be\/wp\/wp-content\/uploads\/2025\/02\/index_36-1.gif\" class=\"attachment-full size-full wp-image-3148\" alt=\"\" \/>\t\t\t\t\t\t\t\t\t\t\t\t\t<\/div>\n\t\t\t\t<\/div>\n\t\t\t\t\t<\/div>\n\t\t<\/div>\n\t\t\t\t\t<\/div>\n\t\t<\/section>\n\t\t\t\t<\/div>\n\t\t","protected":false},"excerpt":{"rendered":"<p>Plus d&rsquo;informations ?Contactez Sabine ou B\u00e9reng\u00e8re au 069 \/ 89 08 50 Contact Cliquez sur un mot qui vous int\u00e9resse afin de d\u00e9couvrir un m\u00e9tier associ\u00e9. Vieux chemin d&rsquo;Ath n\u00b01\u00a0\u00a07548 Warchin (Tournai)Belgique\u00a0 069 \/ 89 08 50\u00a0info@prorienta.be\u00a0<\/p>\n","protected":false},"author":1,"featured_media":0,"parent":0,"menu_order":0,"comment_status":"closed","ping_status":"closed","template":"elementor_canvas","meta":[],"_links":{"self":[{"href":"https:\/\/prorienta.be\/wp\/wp-json\/wp\/v2\/pages\/814"}],"collection":[{"href":"https:\/\/prorienta.be\/wp\/wp-json\/wp\/v2\/pages"}],"about":[{"href":"https:\/\/prorienta.be\/wp\/wp-json\/wp\/v2\/types\/page"}],"author":[{"embeddable":true,"href":"https:\/\/prorienta.be\/wp\/wp-json\/wp\/v2\/users\/1"}],"replies":[{"embeddable":true,"href":"https:\/\/prorienta.be\/wp\/wp-json\/wp\/v2\/comments?post=814"}],"version-history":[{"count":121,"href":"https:\/\/prorienta.be\/wp\/wp-json\/wp\/v2\/pages\/814\/revisions"}],"predecessor-version":[{"id":3151,"href":"https:\/\/prorienta.be\/wp\/wp-json\/wp\/v2\/pages\/814\/revisions\/3151"}],"wp:attachment":[{"href":"https:\/\/prorienta.be\/wp\/wp-json\/wp\/v2\/media?parent=814"}],"curies":[{"name":"wp","href":"https:\/\/api.w.org\/{rel}","templated":true}]}}