{"id":1008,"date":"2021-07-15T08:19:22","date_gmt":"2021-07-15T06:19:22","guid":{"rendered":"https:\/\/prorienta.be\/wp\/?page_id=1008"},"modified":"2026-02-04T11:24:53","modified_gmt":"2026-02-04T10:24:53","slug":"formation-tertiaire","status":"publish","type":"page","link":"https:\/\/prorienta.be\/wp\/formation-tertiaire\/","title":{"rendered":"formation tertiaire"},"content":{"rendered":"\t\t<div data-elementor-type=\"wp-page\" data-elementor-id=\"1008\" class=\"elementor elementor-1008\">\n\t\t\t\t\t\t<section class=\"elementor-section elementor-top-section elementor-element elementor-element-776f74ea elementor-section-boxed elementor-section-height-default elementor-section-height-default\" data-id=\"776f74ea\" data-element_type=\"section\" data-settings=\"{&quot;background_background&quot;:&quot;classic&quot;}\">\n\t\t\t\t\t\t<div class=\"elementor-container elementor-column-gap-wide\">\n\t\t\t\t\t<div class=\"elementor-column elementor-col-100 elementor-top-column elementor-element elementor-element-7d335e78\" data-id=\"7d335e78\" data-element_type=\"column\" data-settings=\"{&quot;background_background&quot;:&quot;classic&quot;}\">\n\t\t\t<div class=\"elementor-widget-wrap elementor-element-populated\">\n\t\t\t\t\t\t<section class=\"elementor-section elementor-inner-section elementor-element elementor-element-6169e9cc elementor-section-boxed elementor-section-height-default elementor-section-height-default\" data-id=\"6169e9cc\" data-element_type=\"section\">\n\t\t\t\t\t\t<div class=\"elementor-container elementor-column-gap-default\">\n\t\t\t\t\t<div class=\"elementor-column elementor-col-50 elementor-inner-column elementor-element elementor-element-1cdf633\" data-id=\"1cdf633\" data-element_type=\"column\">\n\t\t\t<div class=\"elementor-widget-wrap elementor-element-populated\">\n\t\t\t\t\t\t<div class=\"elementor-element elementor-element-63fa9fc8 elementor-widget elementor-widget-image\" data-id=\"63fa9fc8\" data-element_type=\"widget\" data-widget_type=\"image.default\">\n\t\t\t\t<div class=\"elementor-widget-container\">\n\t\t\t\t\t\t\t\t\t\t\t\t\t\t<a href=\"https:\/\/www.prorienta.be\/wp\/\">\n\t\t\t\t\t\t\t<img decoding=\"async\" width=\"298\" height=\"158\" src=\"https:\/\/prorienta.be\/wp\/wp-content\/uploads\/2023\/06\/cropped-petitnewlogo2023-2-1.png\" class=\"attachment-full size-full wp-image-3060\" alt=\"\" \/>\t\t\t\t\t\t\t\t<\/a>\n\t\t\t\t\t\t\t\t\t\t\t\t\t<\/div>\n\t\t\t\t<\/div>\n\t\t\t\t\t<\/div>\n\t\t<\/div>\n\t\t\t\t<div class=\"elementor-column elementor-col-50 elementor-inner-column elementor-element elementor-element-109baf9b\" data-id=\"109baf9b\" data-element_type=\"column\">\n\t\t\t<div class=\"elementor-widget-wrap elementor-element-populated\">\n\t\t\t\t\t\t<div class=\"elementor-element elementor-element-7f3f5a79 elementor-widget elementor-widget-text-editor\" data-id=\"7f3f5a79\" data-element_type=\"widget\" data-widget_type=\"text-editor.default\">\n\t\t\t\t<div class=\"elementor-widget-container\">\n\t\t\t\t\t\t\t<p>Plus d&rsquo;informations ?<br><span style=\"color: var( --e-global-color-text ); font-family: var( --e-global-typography-text-font-family ), Sans-serif; font-weight: var( --e-global-typography-text-font-weight );\">Contactez Sabine ou B\u00e9reng\u00e8re au 069 \/ 89 08 50<\/span><br><\/p>\t\t\t\t\t\t<\/div>\n\t\t\t\t<\/div>\n\t\t\t\t<div class=\"elementor-element elementor-element-318d50ef elementor-align-center elementor-widget elementor-widget-button\" data-id=\"318d50ef\" data-element_type=\"widget\" data-widget_type=\"button.default\">\n\t\t\t\t<div class=\"elementor-widget-container\">\n\t\t\t\t\t<div class=\"elementor-button-wrapper\">\n\t\t\t<a class=\"elementor-button elementor-button-link elementor-size-sm\" href=\"https:\/\/www.prorienta.be\/wp\/contact\/\">\n\t\t\t\t\t\t<span class=\"elementor-button-content-wrapper\">\n\t\t\t\t\t\t\t\t\t<span class=\"elementor-button-text\">Contact<\/span>\n\t\t\t\t\t<\/span>\n\t\t\t\t\t<\/a>\n\t\t<\/div>\n\t\t\t\t<\/div>\n\t\t\t\t<\/div>\n\t\t\t\t\t<\/div>\n\t\t<\/div>\n\t\t\t\t\t<\/div>\n\t\t<\/section>\n\t\t\t\t<section class=\"elementor-section elementor-inner-section elementor-element elementor-element-75583523 elementor-section-boxed elementor-section-height-default elementor-section-height-default\" data-id=\"75583523\" data-element_type=\"section\">\n\t\t\t\t\t\t<div class=\"elementor-container elementor-column-gap-wide\">\n\t\t\t\t\t<div class=\"elementor-column elementor-col-50 elementor-inner-column elementor-element elementor-element-6d935bae\" data-id=\"6d935bae\" data-element_type=\"column\">\n\t\t\t<div class=\"elementor-widget-wrap elementor-element-populated\">\n\t\t\t\t\t\t<div class=\"elementor-element elementor-element-450e52ea elementor-widget elementor-widget-image\" data-id=\"450e52ea\" data-element_type=\"widget\" data-widget_type=\"image.default\">\n\t\t\t\t<div class=\"elementor-widget-container\">\n\t\t\t\t\t\t\t\t\t\t\t\t\t<img fetchpriority=\"high\" decoding=\"async\" width=\"739\" height=\"499\" src=\"https:\/\/prorienta.be\/wp\/wp-content\/uploads\/2021\/07\/nuage-de-mots-8.png\" class=\"attachment-medium_large size-medium_large wp-image-836\" alt=\"\" srcset=\"https:\/\/prorienta.be\/wp\/wp-content\/uploads\/2021\/07\/nuage-de-mots-8.png 739w, https:\/\/prorienta.be\/wp\/wp-content\/uploads\/2021\/07\/nuage-de-mots-8-300x203.png 300w\" sizes=\"(max-width: 739px) 100vw, 739px\" \/>\t\t\t\t\t\t\t\t\t\t\t\t\t<\/div>\n\t\t\t\t<\/div>\n\t\t\t\t\t<\/div>\n\t\t<\/div>\n\t\t\t\t<div class=\"elementor-column elementor-col-50 elementor-inner-column elementor-element elementor-element-73116bc4\" data-id=\"73116bc4\" data-element_type=\"column\">\n\t\t\t<div class=\"elementor-widget-wrap elementor-element-populated\">\n\t\t\t\t\t\t<div class=\"elementor-element elementor-element-1e95d0da elementor-widget elementor-widget-text-editor\" data-id=\"1e95d0da\" data-element_type=\"widget\" data-widget_type=\"text-editor.default\">\n\t\t\t\t<div class=\"elementor-widget-container\">\n\t\t\t\t\t\t\t<p><span style=\"color: var( --e-global-color-text ); letter-spacing: -0.3px;\"><br \/>La formation dans le secteur tertiaire englobe un large champ d\u2019activit\u00e9s. Elle pr\u00e9pare \u00e0 un travail dans les services aux personnes et \u00e0 la collectivit\u00e9, la s\u00e9curit\u00e9, la logistique, la vente, la cr\u00e9ation de support en communication visuelle, le service aux entreprises publiques ou priv\u00e9es, \u2026 <\/span><\/p><p><span style=\"color: var( --e-global-color-text ); letter-spacing: -0.3px;\">Prorienta propose diff\u00e9rentes formations permettant de devenir <br \/><\/span><\/p><p>\u00a0<\/p>\t\t\t\t\t\t<\/div>\n\t\t\t\t<\/div>\n\t\t\t\t\t<\/div>\n\t\t<\/div>\n\t\t\t\t\t<\/div>\n\t\t<\/section>\n\t\t\t\t<section class=\"elementor-section elementor-inner-section elementor-element elementor-element-26670056 elementor-section-boxed elementor-section-height-default elementor-section-height-default\" data-id=\"26670056\" data-element_type=\"section\">\n\t\t\t\t\t\t<div class=\"elementor-container elementor-column-gap-wide\">\n\t\t\t\t\t<div class=\"elementor-column elementor-col-50 elementor-inner-column elementor-element elementor-element-bce75e7\" data-id=\"bce75e7\" data-element_type=\"column\">\n\t\t\t<div class=\"elementor-widget-wrap elementor-element-populated\">\n\t\t\t\t\t\t<div class=\"elementor-element elementor-element-6d0c1dd4 elementor-widget elementor-widget-heading\" data-id=\"6d0c1dd4\" data-element_type=\"widget\" data-widget_type=\"heading.default\">\n\t\t\t\t<div class=\"elementor-widget-container\">\n\t\t\t<h2 class=\"elementor-heading-title elementor-size-default\">Agent(e) d'accueil.<br>\n<\/h2>\t\t<\/div>\n\t\t\t\t<\/div>\n\t\t\t\t<div class=\"elementor-element elementor-element-6552d6e6 elementor-widget elementor-widget-text-editor\" data-id=\"6552d6e6\" data-element_type=\"widget\" data-widget_type=\"text-editor.default\">\n\t\t\t\t<div class=\"elementor-widget-container\">\n\t\t\t\t\t\t\t<p><em>\u00ab\u00a0A la fois souriante et s\u00e9rieuse, l&rsquo;image de l&rsquo;entreprise est importante d\u00e8s l&rsquo;accueil&#8230; \u00ab\u00a0<\/em><\/p>\t\t\t\t\t\t<\/div>\n\t\t\t\t<\/div>\n\t\t\t\t<div class=\"elementor-element elementor-element-2301acff elementor-widget elementor-widget-video\" data-id=\"2301acff\" data-element_type=\"widget\" data-settings=\"{&quot;youtube_url&quot;:&quot;https:\\\/\\\/www.youtube.com\\\/watch?v=WS3-uKSDIxM&quot;,&quot;video_type&quot;:&quot;youtube&quot;,&quot;controls&quot;:&quot;yes&quot;}\" data-widget_type=\"video.default\">\n\t\t\t\t<div class=\"elementor-widget-container\">\n\t\t\t\t\t<div class=\"elementor-wrapper elementor-open-inline\">\n\t\t\t<div class=\"elementor-video\"><\/div>\t\t<\/div>\n\t\t\t\t<\/div>\n\t\t\t\t<\/div>\n\t\t\t\t\t<\/div>\n\t\t<\/div>\n\t\t\t\t<div class=\"elementor-column elementor-col-50 elementor-inner-column elementor-element elementor-element-203b7bd7\" data-id=\"203b7bd7\" data-element_type=\"column\" data-settings=\"{&quot;background_background&quot;:&quot;classic&quot;}\">\n\t\t\t<div class=\"elementor-widget-wrap elementor-element-populated\">\n\t\t\t\t\t\t<div class=\"elementor-element elementor-element-b871944 elementor-widget elementor-widget-text-editor\" data-id=\"b871944\" data-element_type=\"widget\" data-widget_type=\"text-editor.default\">\n\t\t\t\t<div class=\"elementor-widget-container\">\n\t\t\t\t\t\t\t<p>L&rsquo;<strong>agent(e) d&rsquo;accueil<\/strong> est le premier visage de l\u2019entreprise.<\/p><p>Il ou elle est accueillant(e) avec tous, quelle que soit la situation rencontr\u00e9e. Il ou elle passe beaucoup de temps au t\u00e9l\u00e9phone ou par email.<\/p><p>Aiguiller les appels, les emails vers les bonnes personnes, filtrer, parfois calmer le jeu quand vous avez affaire \u00e0 un client m\u00e9content, pouvoir parler plusieurs langues est un atout et bien entendu maitriser l\u2019outil informatique.<\/p><p>Le m\u00e9tier est riche en contact humain !<\/p><p>\u00a0<\/p>\t\t\t\t\t\t<\/div>\n\t\t\t\t<\/div>\n\t\t\t\t\t<\/div>\n\t\t<\/div>\n\t\t\t\t\t<\/div>\n\t\t<\/section>\n\t\t\t\t<div class=\"elementor-element elementor-element-3f479f3f elementor-widget-divider--view-line elementor-widget elementor-widget-divider\" data-id=\"3f479f3f\" data-element_type=\"widget\" data-widget_type=\"divider.default\">\n\t\t\t\t<div class=\"elementor-widget-container\">\n\t\t\t\t\t<div class=\"elementor-divider\">\n\t\t\t<span class=\"elementor-divider-separator\">\n\t\t\t\t\t\t<\/span>\n\t\t<\/div>\n\t\t\t\t<\/div>\n\t\t\t\t<\/div>\n\t\t\t\t<section class=\"elementor-section elementor-inner-section elementor-element elementor-element-53240cea elementor-section-boxed elementor-section-height-default elementor-section-height-default\" data-id=\"53240cea\" data-element_type=\"section\">\n\t\t\t\t\t\t<div class=\"elementor-container elementor-column-gap-wide\">\n\t\t\t\t\t<div class=\"elementor-column elementor-col-50 elementor-inner-column elementor-element elementor-element-3fc9c09f\" data-id=\"3fc9c09f\" data-element_type=\"column\">\n\t\t\t<div class=\"elementor-widget-wrap elementor-element-populated\">\n\t\t\t\t\t\t<div class=\"elementor-element elementor-element-4e5e7b8b elementor-widget elementor-widget-heading\" data-id=\"4e5e7b8b\" data-element_type=\"widget\" data-widget_type=\"heading.default\">\n\t\t\t\t<div class=\"elementor-widget-container\">\n\t\t\t<h2 class=\"elementor-heading-title elementor-size-default\">Employ\u00e9(e) administratif(ve)\n<br><\/h2>\t\t<\/div>\n\t\t\t\t<\/div>\n\t\t\t\t<div class=\"elementor-element elementor-element-3b56bc3c elementor-widget elementor-widget-text-editor\" data-id=\"3b56bc3c\" data-element_type=\"widget\" data-widget_type=\"text-editor.default\">\n\t\t\t\t<div class=\"elementor-widget-container\">\n\t\t\t\t\t\t\t<p><em>\u00ab\u00a0Rigueur et m\u00e9thode sont les bases d&rsquo;une organisation administrative saine..<\/em><em>\u00ab\u00a0<\/em><\/p>\t\t\t\t\t\t<\/div>\n\t\t\t\t<\/div>\n\t\t\t\t<div class=\"elementor-element elementor-element-8582669 elementor-widget elementor-widget-video\" data-id=\"8582669\" data-element_type=\"widget\" data-settings=\"{&quot;youtube_url&quot;:&quot;https:\\\/\\\/www.youtube.com\\\/watch?v=Xkc5hzVK0Qo&quot;,&quot;video_type&quot;:&quot;youtube&quot;,&quot;controls&quot;:&quot;yes&quot;}\" data-widget_type=\"video.default\">\n\t\t\t\t<div class=\"elementor-widget-container\">\n\t\t\t\t\t<div class=\"elementor-wrapper elementor-open-inline\">\n\t\t\t<div class=\"elementor-video\"><\/div>\t\t<\/div>\n\t\t\t\t<\/div>\n\t\t\t\t<\/div>\n\t\t\t\t\t<\/div>\n\t\t<\/div>\n\t\t\t\t<div class=\"elementor-column elementor-col-50 elementor-inner-column elementor-element elementor-element-2493f564\" data-id=\"2493f564\" data-element_type=\"column\" data-settings=\"{&quot;background_background&quot;:&quot;classic&quot;}\">\n\t\t\t<div class=\"elementor-widget-wrap elementor-element-populated\">\n\t\t\t\t\t\t<div class=\"elementor-element elementor-element-10c40c6e elementor-widget elementor-widget-text-editor\" data-id=\"10c40c6e\" data-element_type=\"widget\" data-widget_type=\"text-editor.default\">\n\t\t\t\t<div class=\"elementor-widget-container\">\n\t\t\t\t\t\t\t<p><strong>L&#8217;employ\u00e9(e) administratif(ve)<\/strong> touche un peu \u00e0 tout au sein de l\u2019entreprise. \u00a0<\/p><p>Vous vous r\u00eavez en professionnel de la bureautique ayant pour objectif d\u2019apporter aide et efficacit\u00e9 au sein d\u2019une entreprise.<\/p><p>Vous voulez exercer un job vari\u00e9 mais aussi riche de rencontres.<\/p><p>Vous souhaitez ex\u00e9cuter diverses t\u00e2ches administratives li\u00e9es au traitement de l\u2019information et au travail de bureau, selon une proc\u00e9dure clairement d\u00e9finie.<\/p>\t\t\t\t\t\t<\/div>\n\t\t\t\t<\/div>\n\t\t\t\t\t<\/div>\n\t\t<\/div>\n\t\t\t\t\t<\/div>\n\t\t<\/section>\n\t\t\t\t<div class=\"elementor-element elementor-element-763ccd1 elementor-widget-divider--view-line elementor-widget elementor-widget-divider\" data-id=\"763ccd1\" data-element_type=\"widget\" data-widget_type=\"divider.default\">\n\t\t\t\t<div class=\"elementor-widget-container\">\n\t\t\t\t\t<div class=\"elementor-divider\">\n\t\t\t<span class=\"elementor-divider-separator\">\n\t\t\t\t\t\t<\/span>\n\t\t<\/div>\n\t\t\t\t<\/div>\n\t\t\t\t<\/div>\n\t\t\t\t<section class=\"elementor-section elementor-inner-section elementor-element elementor-element-77d607c6 elementor-section-boxed elementor-section-height-default elementor-section-height-default\" data-id=\"77d607c6\" data-element_type=\"section\">\n\t\t\t\t\t\t<div class=\"elementor-container elementor-column-gap-wide\">\n\t\t\t\t\t<div class=\"elementor-column elementor-col-50 elementor-inner-column elementor-element elementor-element-d0201bc\" data-id=\"d0201bc\" data-element_type=\"column\">\n\t\t\t<div class=\"elementor-widget-wrap elementor-element-populated\">\n\t\t\t\t\t\t<div class=\"elementor-element elementor-element-1cc5d4f1 elementor-widget elementor-widget-heading\" data-id=\"1cc5d4f1\" data-element_type=\"widget\" data-widget_type=\"heading.default\">\n\t\t\t\t<div class=\"elementor-widget-container\">\n\t\t\t<h2 class=\"elementor-heading-title elementor-size-default\">Employ\u00e9(e) de libre service <br><\/h2>\t\t<\/div>\n\t\t\t\t<\/div>\n\t\t\t\t<div class=\"elementor-element elementor-element-4d0434e7 elementor-widget elementor-widget-text-editor\" data-id=\"4d0434e7\" data-element_type=\"widget\" data-widget_type=\"text-editor.default\">\n\t\t\t\t<div class=\"elementor-widget-container\">\n\t\t\t\t\t\t\t<p><em>\u00a0\u00bb Suivre le stock, mettre en place et bien pr\u00e9senter les promotions de rayons de marchandises \u00ab\u00a0<\/em><\/p>\t\t\t\t\t\t<\/div>\n\t\t\t\t<\/div>\n\t\t\t\t<div class=\"elementor-element elementor-element-498b66b4 elementor-widget elementor-widget-video\" data-id=\"498b66b4\" data-element_type=\"widget\" data-settings=\"{&quot;youtube_url&quot;:&quot;https:\\\/\\\/www.youtube.com\\\/watch?v=FxV95ixr0fU&quot;,&quot;video_type&quot;:&quot;youtube&quot;,&quot;controls&quot;:&quot;yes&quot;}\" data-widget_type=\"video.default\">\n\t\t\t\t<div class=\"elementor-widget-container\">\n\t\t\t\t\t<div class=\"elementor-wrapper elementor-open-inline\">\n\t\t\t<div class=\"elementor-video\"><\/div>\t\t<\/div>\n\t\t\t\t<\/div>\n\t\t\t\t<\/div>\n\t\t\t\t\t<\/div>\n\t\t<\/div>\n\t\t\t\t<div class=\"elementor-column elementor-col-50 elementor-inner-column elementor-element elementor-element-6cbc792d\" data-id=\"6cbc792d\" data-element_type=\"column\" data-settings=\"{&quot;background_background&quot;:&quot;classic&quot;}\">\n\t\t\t<div class=\"elementor-widget-wrap elementor-element-populated\">\n\t\t\t\t\t\t<div class=\"elementor-element elementor-element-53f6862d elementor-widget elementor-widget-text-editor\" data-id=\"53f6862d\" data-element_type=\"widget\" data-widget_type=\"text-editor.default\">\n\t\t\t\t<div class=\"elementor-widget-container\">\n\t\t\t\t\t\t\t<p><strong>L&#8217;employ\u00e9(e) commercial(e) de libre service<\/strong> est proactif, clairvoyant et autonome.<\/p><p>Il est en charge du remplissage et de la bonne tenue de rayons de marchandises.<\/p><p>Il peut parfois accueillir le client, identifier ses besoins et le conseiller sur les produits et services.<\/p><p>Vous \u00eates dynamique, r\u00e9sistant physiquement et aimez des changements de t\u00e2che fr\u00e9quents.<\/p><p>Ordonn\u00e9 vous aimez que chaque chose soit \u00e0 sa place ! <\/p>\t\t\t\t\t\t<\/div>\n\t\t\t\t<\/div>\n\t\t\t\t\t<\/div>\n\t\t<\/div>\n\t\t\t\t\t<\/div>\n\t\t<\/section>\n\t\t\t\t<div class=\"elementor-element elementor-element-67863f62 elementor-widget-divider--view-line elementor-widget elementor-widget-divider\" data-id=\"67863f62\" data-element_type=\"widget\" data-widget_type=\"divider.default\">\n\t\t\t\t<div class=\"elementor-widget-container\">\n\t\t\t\t\t<div class=\"elementor-divider\">\n\t\t\t<span class=\"elementor-divider-separator\">\n\t\t\t\t\t\t<\/span>\n\t\t<\/div>\n\t\t\t\t<\/div>\n\t\t\t\t<\/div>\n\t\t\t\t<div class=\"elementor-element elementor-element-5c4a826d elementor-widget elementor-widget-text-editor\" data-id=\"5c4a826d\" data-element_type=\"widget\" data-widget_type=\"text-editor.default\">\n\t\t\t\t<div class=\"elementor-widget-container\">\n\t\t\t\t\t\t\t<p>Vieux chemin d&rsquo;Ath n\u00b01\u00a0 <br \/>7548 Warchin (Tournai)<br \/>Belgique<br \/><img decoding=\"async\" class=\"alignnone wp-image-308\" src=\"https:\/\/www.prorienta.be\/wp\/wp-content\/uploads\/2020\/07\/icone-appli-orange-telephone_preambule_info.png\" alt=\"\" width=\"24\" height=\"24\" srcset=\"https:\/\/prorienta.be\/wp\/wp-content\/uploads\/2020\/07\/icone-appli-orange-telephone_preambule_info.png 199w, https:\/\/prorienta.be\/wp\/wp-content\/uploads\/2020\/07\/icone-appli-orange-telephone_preambule_info-150x150.png 150w, https:\/\/prorienta.be\/wp\/wp-content\/uploads\/2020\/07\/icone-appli-orange-telephone_preambule_info-60x60.png 60w\" sizes=\"(max-width: 24px) 100vw, 24px\" \/>\u00a0 069 \/ 89 08 50 <br \/>\u00a0info@prorienta.be\u00a0<\/p>\t\t\t\t\t\t<\/div>\n\t\t\t\t<\/div>\n\t\t\t\t<div class=\"elementor-element elementor-element-460e1252 elementor-widget elementor-widget-image\" data-id=\"460e1252\" data-element_type=\"widget\" data-widget_type=\"image.default\">\n\t\t\t\t<div class=\"elementor-widget-container\">\n\t\t\t\t\t\t\t\t\t\t\t\t\t<img loading=\"lazy\" decoding=\"async\" width=\"930\" height=\"86\" src=\"https:\/\/prorienta.be\/wp\/wp-content\/uploads\/2025\/02\/index_36.gif\" class=\"attachment-the-minimal-image-full size-the-minimal-image-full wp-image-3111\" alt=\"\" \/>\t\t\t\t\t\t\t\t\t\t\t\t\t<\/div>\n\t\t\t\t<\/div>\n\t\t\t\t\t<\/div>\n\t\t<\/div>\n\t\t\t\t\t<\/div>\n\t\t<\/section>\n\t\t\t\t<\/div>\n\t\t","protected":false},"excerpt":{"rendered":"<p>Plus d&rsquo;informations ?Contactez Sabine ou B\u00e9reng\u00e8re au 069 \/ 89 08 50 Contact La formation dans le secteur tertiaire englobe un large champ d\u2019activit\u00e9s. Elle pr\u00e9pare \u00e0 un travail dans les services aux personnes et \u00e0 la collectivit\u00e9, la s\u00e9curit\u00e9, la logistique, la vente, la cr\u00e9ation de support en communication visuelle, le service aux entreprises publiques ou priv\u00e9es, \u2026 Prorienta propose diff\u00e9rentes formations permettant de devenir \u00a0 Agent(e) d&rsquo;accueil. \u00ab\u00a0A la fois souriante et s\u00e9rieuse, l&rsquo;image de l&rsquo;entreprise est importante d\u00e8s l&rsquo;accueil&#8230; \u00ab\u00a0 https:\/\/www.youtube.com\/watch?v=WS3-uKSDIxM L&rsquo;agent(e) d&rsquo;accueil est le premier visage de l\u2019entreprise. Il ou elle est accueillant(e) avec tous, quelle &hellip; <\/p>\n","protected":false},"author":1,"featured_media":0,"parent":0,"menu_order":0,"comment_status":"closed","ping_status":"closed","template":"elementor_canvas","meta":[],"_links":{"self":[{"href":"https:\/\/prorienta.be\/wp\/wp-json\/wp\/v2\/pages\/1008"}],"collection":[{"href":"https:\/\/prorienta.be\/wp\/wp-json\/wp\/v2\/pages"}],"about":[{"href":"https:\/\/prorienta.be\/wp\/wp-json\/wp\/v2\/types\/page"}],"author":[{"embeddable":true,"href":"https:\/\/prorienta.be\/wp\/wp-json\/wp\/v2\/users\/1"}],"replies":[{"embeddable":true,"href":"https:\/\/prorienta.be\/wp\/wp-json\/wp\/v2\/comments?post=1008"}],"version-history":[{"count":35,"href":"https:\/\/prorienta.be\/wp\/wp-json\/wp\/v2\/pages\/1008\/revisions"}],"predecessor-version":[{"id":3162,"href":"https:\/\/prorienta.be\/wp\/wp-json\/wp\/v2\/pages\/1008\/revisions\/3162"}],"wp:attachment":[{"href":"https:\/\/prorienta.be\/wp\/wp-json\/wp\/v2\/media?parent=1008"}],"curies":[{"name":"wp","href":"https:\/\/api.w.org\/{rel}","templated":true}]}}